{"id":575,"date":"2017-10-07T13:05:29","date_gmt":"2017-10-07T13:05:29","guid":{"rendered":"http:\/\/club.fcthuir.fr\/?page_id=575"},"modified":"2023-11-01T22:55:30","modified_gmt":"2023-11-01T21:55:30","slug":"machine-a-voyager-temps","status":"publish","type":"page","link":"https:\/\/club.fcthuir.fr\/?page_id=575","title":{"rendered":"La machine \u00e0 voyager dans le temps"},"content":{"rendered":"<h1 style=\"text-align: center;\"><span style=\"color: #008000;\"><strong>Les \u00e9quipes du F.C. Thuir \u00e0 travers les ann\u00e9es<\/strong><\/span><\/h1>\n<p style=\"text-align: left;\">Cliquez sur une ann\u00e9e au choix<\/p>\n<h3 style=\"text-align: center;\"><span style=\"color: #008000;\"><strong><a href=\"https:\/\/club.fcthuir.fr\/club\/histoire\/machine-a-voyager-temps\/1965-2\" target=\"_blank\" rel=\"noopener noreferrer\">1985<\/a><\/strong><\/span><\/h3>\n<h3 style=\"text-align: center;\"><span style=\"color: #008000;\"><strong><a href=\"https:\/\/club.fcthuir.fr\/?page_id=1402\" target=\"_blank\" rel=\"noopener noreferrer\">1988<\/a><\/strong><\/span><\/h3>\n<h3 style=\"text-align: center;\"><span style=\"color: #008000;\"><strong>\u00a0<a href=\"https:\/\/club.fcthuir.fr\/club\/histoire\/machine-a-voyager-temps\/1989-2\" target=\"_blank\" rel=\"noopener noreferrer\">1989<\/a><\/strong><\/span><\/h3>\n<h3 style=\"text-align: center;\"><span style=\"color: #008000;\"><strong><a href=\"https:\/\/club.fcthuir.fr\/club\/histoire\/machine-a-voyager-temps\/1990-2\" target=\"_blank\" rel=\"noopener noreferrer\">1990<\/a><\/strong><\/span><\/h3>\n<h3 style=\"text-align: center;\"><span style=\"color: #008000;\"><strong><a href=\"https:\/\/club.fcthuir.fr\/club\/histoire\/machine-a-voyager-temps\/1991-2\" target=\"_blank\" rel=\"noopener noreferrer\">1991<\/a><\/strong><\/span><\/h3>\n<h3 style=\"text-align: center;\"><span style=\"color: #008000;\"><strong><a href=\"https:\/\/club.fcthuir.fr\/?page_id=1438\" target=\"_blank\" rel=\"noopener noreferrer\">1992<\/a><\/strong><\/span><\/h3>\n<h3 style=\"text-align: center;\"><span style=\"color: #008000;\"><strong><a href=\"https:\/\/club.fcthuir.fr\/?page_id=1454\" target=\"_blank\" rel=\"noopener noreferrer\">1993<\/a><\/strong><\/span><\/h3>\n<h3 style=\"text-align: center;\"><span style=\"color: #008000;\"><strong><a href=\"https:\/\/club.fcthuir.fr\/?page_id=1458\" target=\"_blank\" rel=\"noopener noreferrer\">1994<\/a><\/strong><\/span><\/h3>\n<h3 style=\"text-align: center;\"><span style=\"color: #008000;\"><strong><a href=\"https:\/\/club.fcthuir.fr\/?page_id=1462\" target=\"_blank\" rel=\"noopener noreferrer\">1995<\/a><\/strong><\/span><\/h3>\n<h3 style=\"text-align: center;\"><span style=\"color: #008000;\"><strong><a href=\"https:\/\/club.fcthuir.fr\/?page_id=1466\" target=\"_blank\" rel=\"noopener noreferrer\">1996<\/a><\/strong><\/span><\/h3>\n<h3 style=\"text-align: center;\"><span style=\"color: #008000;\"><strong><a href=\"https:\/\/club.fcthuir.fr\/?page_id=1485\" target=\"_blank\" rel=\"noopener noreferrer\">1997<\/a><\/strong><\/span><\/h3>\n<h3 style=\"text-align: center;\"><span style=\"color: #008000;\"><strong><a href=\"https:\/\/club.fcthuir.fr\/?page_id=1492\" target=\"_blank\" rel=\"noopener noreferrer\">1998<\/a><\/strong><\/span><\/h3>\n<h3 style=\"text-align: center;\"><span style=\"color: #008000;\"><strong><a href=\"https:\/\/club.fcthuir.fr\/?page_id=1497\" target=\"_blank\" rel=\"noopener noreferrer\">1999<\/a><\/strong><\/span><\/h3>\n<h3 style=\"text-align: center;\"><span style=\"color: #008000;\"><strong><a href=\"https:\/\/club.fcthuir.fr\/?page_id=1511\" target=\"_blank\" rel=\"noopener noreferrer\">2000<\/a><\/strong><\/span><\/h3>\n<h3 style=\"text-align: center;\"><span style=\"color: #008000;\"><strong><a href=\"https:\/\/club.fcthuir.fr\/?page_id=1518\" target=\"_blank\" rel=\"noopener noreferrer\">2001<\/a><\/strong><\/span><\/h3>\n<h3 style=\"text-align: center;\"><span style=\"color: #008000;\"><strong><a href=\"https:\/\/club.fcthuir.fr\/?page_id=1524\" target=\"_blank\" rel=\"noopener noreferrer\">2002<\/a><\/strong><\/span><\/h3>\n<h3 style=\"text-align: center;\"><span style=\"color: #008000;\"><strong><a href=\"https:\/\/club.fcthuir.fr\/?page_id=1529\" target=\"_blank\" rel=\"noopener noreferrer\">2003<\/a><\/strong><\/span><\/h3>\n<h3 style=\"text-align: center;\"><span style=\"color: #008000;\"><strong><a href=\"https:\/\/club.fcthuir.fr\/?page_id=1531\" target=\"_blank\" rel=\"noopener noreferrer\">2004<\/a><\/strong><\/span><\/h3>\n<h3 style=\"text-align: center;\"><span style=\"color: #008000;\"><strong>2005<\/strong><\/span><\/h3>\n<h3 style=\"text-align: center;\"><span style=\"color: #008000;\"><strong><a href=\"https:\/\/club.fcthuir.fr\/?page_id=1547\" target=\"_blank\" rel=\"noopener noreferrer\">2006<\/a><\/strong><\/span><\/h3>\n<h3 style=\"text-align: center;\"><span style=\"color: #008000;\"><strong><a href=\"https:\/\/club.fcthuir.fr\/?page_id=1550\" target=\"_blank\" rel=\"noopener noreferrer\">2007<\/a><\/strong><\/span><\/h3>\n<h3 style=\"text-align: center;\"><span style=\"color: #008000;\"><strong><a href=\"https:\/\/club.fcthuir.fr\/?page_id=1555\" target=\"_blank\" rel=\"noopener noreferrer\">2008<\/a><\/strong><\/span><\/h3>\n<h3 style=\"text-align: center;\"><a href=\"https:\/\/club.fcthuir.fr\/?page_id=2183\" target=\"_blank\" rel=\"noopener noreferrer\">2009<\/a><\/h3>\n<h3 style=\"text-align: center;\"><span style=\"color: #008000;\"><strong><a href=\"https:\/\/club.fcthuir.fr\/?page_id=1565\" target=\"_blank\" rel=\"noopener noreferrer\">2010<\/a><\/strong><\/span><\/h3>\n<h3 style=\"text-align: center;\"><a href=\"https:\/\/club.fcthuir.fr\/?page_id=2185\" target=\"_blank\" rel=\"noopener noreferrer\">2013<\/a><\/h3>\n<h3 style=\"text-align: center;\"><a href=\"https:\/\/club.fcthuir.fr\/?page_id=1609\" target=\"_blank\" rel=\"noopener noreferrer\">2014<\/a><\/h3>\n<h3 style=\"text-align: center;\"><span style=\"color: #008000;\"><strong><a href=\"https:\/\/club.fcthuir.fr\/?page_id=1612\" target=\"_blank\" rel=\"noopener noreferrer\">2015<\/a><\/strong><\/span><\/h3>\n<h3 style=\"text-align: center;\"><span style=\"color: #008000;\"><strong><a href=\"https:\/\/club.fcthuir.fr\/?page_id=1616\" target=\"_blank\" rel=\"noopener noreferrer\">2016<\/a><\/strong><\/span><\/h3>\n<h3 style=\"text-align: center;\"><span style=\"color: #008000;\"><strong><a href=\"https:\/\/club.fcthuir.fr\/?page_id=1620\" target=\"_blank\" rel=\"noopener noreferrer\">2017<\/a><\/strong><\/span><\/h3>\n<h3 style=\"text-align: center;\"><span style=\"color: #008000;\"><strong><a href=\"https:\/\/club.fcthuir.fr\/?page_id=3960\" target=\"_blank\" rel=\"noopener noreferrer\">2018<\/a><\/strong><\/span><\/h3>\n<h3 style=\"text-align: center;\"><span style=\"color: #008000;\"><strong><a href=\"https:\/\/club.fcthuir.fr\/?page_id=4013\" target=\"_blank\" rel=\"noopener noreferrer\">2019<\/a><\/strong><\/span><\/h3>\n<h3 style=\"text-align: center;\"><span style=\"color: #008000;\"><strong><a href=\"https:\/\/club.fcthuir.fr\/?page_id=4992\" target=\"_blank\" rel=\"noopener noreferrer\">2020<\/a><\/strong><\/span><\/h3>\n<h3 style=\"text-align: center;\"><span style=\"color: #008000;\"><strong><a href=\"https:\/\/club.fcthuir.fr\/?page_id=5006\" target=\"_blank\" rel=\"noopener noreferrer\">2022<\/a><\/strong><\/span><\/h3>\n<h3 style=\"text-align: center;\"><span style=\"color: #008000;\"><strong><a href=\"https:\/\/club.fcthuir.fr\/?page_id=5026\" target=\"_blank\" rel=\"noopener noreferrer\">2023<\/a><\/strong><\/span><\/h3>\n<p>Vous souhaitez partagez vos photos, envoyez \u00e0 <a href=\"mailto:webmaster@fcthuir.fr\">webmaster@fcthuir.fr<\/a><\/p>\n<h3 style=\"text-align: right;\"><strong>Football Club Thuirinois<\/strong><\/h3>\n<h3 style=\"text-align: right;\"><strong><img loading=\"lazy\" decoding=\"async\" class=\"size-full wp-image-521 alignright\" src=\"https:\/\/club.fcthuir.fr\/wp-content\/uploads\/2017\/09\/cropped-cropped-logo-fct-e1507237561790.png\" alt=\"\" width=\"75\" height=\"98\" srcset=\"https:\/\/club.fcthuir.fr\/wp-content\/uploads\/2017\/09\/cropped-cropped-logo-fct-e1507237561790.png 75w, https:\/\/club.fcthuir.fr\/wp-content\/uploads\/2017\/09\/cropped-cropped-logo-fct-e1507237561790-24x32.png 24w\" sizes=\"auto, (max-width: 75px) 100vw, 75px\" \/>Cr\u00e9\u00e9 en 1977<\/strong><\/h3>\n","protected":false},"excerpt":{"rendered":"<p>Les \u00e9quipes du F.C. Thuir \u00e0 travers les ann\u00e9es Cliquez sur une ann\u00e9e au choix 1985 1988 \u00a01989 1990 1991 1992 1993 1994 1995 1996 1997 1998 1999 2000 2001 2002 2003 2004 2005 2006 2007 2008 2009 2010 2013 2014 2015 2016 2017 2018 2019 2020 2022 2023 Vous souhaitez partagez vos photos, envoyez [&hellip;]<\/p>\n","protected":false},"author":1,"featured_media":0,"parent":42,"menu_order":3,"comment_status":"closed","ping_status":"closed","template":"template-full.php","meta":{"footnotes":""},"class_list":["post-575","page","type-page","status-publish","hentry"],"yoast_head":"<!-- This site is optimized with the Yoast SEO plugin v27.5 - https:\/\/yoast.com\/product\/yoast-seo-wordpress\/ -->\n<title>La machine \u00e0 voyager dans le temps - Football Club Thuirinois<\/title>\n<meta name=\"robots\" content=\"index, follow, max-snippet:-1, max-image-preview:large, max-video-preview:-1\" \/>\n<link rel=\"canonical\" href=\"https:\/\/club.fcthuir.fr\/?page_id=575\" \/>\n<meta property=\"og:locale\" content=\"fr_FR\" \/>\n<meta property=\"og:type\" content=\"article\" \/>\n<meta property=\"og:title\" content=\"La machine \u00e0 voyager dans le temps - Football Club Thuirinois\" \/>\n<meta property=\"og:description\" content=\"Les \u00e9quipes du F.C. Thuir \u00e0 travers les ann\u00e9es Cliquez sur une ann\u00e9e au choix 1985 1988 \u00a01989 1990 1991 1992 1993 1994 1995 1996 1997 1998 1999 2000 2001 2002 2003 2004 2005 2006 2007 2008 2009 2010 2013 2014 2015 2016 2017 2018 2019 2020 2022 2023 Vous souhaitez partagez vos photos, envoyez [&hellip;]\" \/>\n<meta property=\"og:url\" content=\"https:\/\/club.fcthuir.fr\/?page_id=575\" \/>\n<meta property=\"og:site_name\" content=\"Football Club Thuirinois\" \/>\n<meta property=\"article:publisher\" content=\"https:\/\/www.facebook.com\/fc.thuirinois?ref=bookmarks\" \/>\n<meta property=\"article:modified_time\" content=\"2023-11-01T21:55:30+00:00\" \/>\n<meta property=\"og:image\" content=\"https:\/\/club.fcthuir.fr\/wp-content\/uploads\/2017\/09\/cropped-cropped-logo-fct-e1507237561790.png\" \/>\n<meta name=\"twitter:card\" content=\"summary_large_image\" \/>\n<meta name=\"twitter:label1\" content=\"Dur\u00e9e de lecture estim\u00e9e\" \/>\n\t<meta name=\"twitter:data1\" content=\"1 minute\" \/>\n<script type=\"application\/ld+json\" class=\"yoast-schema-graph\">{\"@context\":\"https:\\\/\\\/schema.org\",\"@graph\":[{\"@type\":\"WebPage\",\"@id\":\"https:\\\/\\\/club.fcthuir.fr\\\/?page_id=575\",\"url\":\"https:\\\/\\\/club.fcthuir.fr\\\/?page_id=575\",\"name\":\"La machine \u00e0 voyager dans le temps - Football Club Thuirinois\",\"isPartOf\":{\"@id\":\"https:\\\/\\\/club.fcthuir.fr\\\/#website\"},\"primaryImageOfPage\":{\"@id\":\"https:\\\/\\\/club.fcthuir.fr\\\/?page_id=575#primaryimage\"},\"image\":{\"@id\":\"https:\\\/\\\/club.fcthuir.fr\\\/?page_id=575#primaryimage\"},\"thumbnailUrl\":\"https:\\\/\\\/club.fcthuir.fr\\\/wp-content\\\/uploads\\\/2017\\\/09\\\/cropped-cropped-logo-fct-e1507237561790.png\",\"datePublished\":\"2017-10-07T13:05:29+00:00\",\"dateModified\":\"2023-11-01T21:55:30+00:00\",\"breadcrumb\":{\"@id\":\"https:\\\/\\\/club.fcthuir.fr\\\/?page_id=575#breadcrumb\"},\"inLanguage\":\"fr-FR\",\"potentialAction\":[{\"@type\":\"ReadAction\",\"target\":[\"https:\\\/\\\/club.fcthuir.fr\\\/?page_id=575\"]}]},{\"@type\":\"ImageObject\",\"inLanguage\":\"fr-FR\",\"@id\":\"https:\\\/\\\/club.fcthuir.fr\\\/?page_id=575#primaryimage\",\"url\":\"https:\\\/\\\/club.fcthuir.fr\\\/wp-content\\\/uploads\\\/2017\\\/09\\\/cropped-cropped-logo-fct-e1507237561790.png\",\"contentUrl\":\"https:\\\/\\\/club.fcthuir.fr\\\/wp-content\\\/uploads\\\/2017\\\/09\\\/cropped-cropped-logo-fct-e1507237561790.png\",\"width\":75,\"height\":98},{\"@type\":\"BreadcrumbList\",\"@id\":\"https:\\\/\\\/club.fcthuir.fr\\\/?page_id=575#breadcrumb\",\"itemListElement\":[{\"@type\":\"ListItem\",\"position\":1,\"name\":\"Accueil\",\"item\":\"https:\\\/\\\/club.fcthuir.fr\\\/\"},{\"@type\":\"ListItem\",\"position\":2,\"name\":\"Club\",\"item\":\"https:\\\/\\\/club.fcthuir.fr\\\/?page_id=249\"},{\"@type\":\"ListItem\",\"position\":3,\"name\":\"Histoire\",\"item\":\"https:\\\/\\\/club.fcthuir.fr\\\/?page_id=42\"},{\"@type\":\"ListItem\",\"position\":4,\"name\":\"La machine \u00e0 voyager dans le temps\"}]},{\"@type\":\"WebSite\",\"@id\":\"https:\\\/\\\/club.fcthuir.fr\\\/#website\",\"url\":\"https:\\\/\\\/club.fcthuir.fr\\\/\",\"name\":\"Football Club Thuirinois\",\"description\":\"Site Officiel\",\"publisher\":{\"@id\":\"https:\\\/\\\/club.fcthuir.fr\\\/#organization\"},\"potentialAction\":[{\"@type\":\"SearchAction\",\"target\":{\"@type\":\"EntryPoint\",\"urlTemplate\":\"https:\\\/\\\/club.fcthuir.fr\\\/?s={search_term_string}\"},\"query-input\":{\"@type\":\"PropertyValueSpecification\",\"valueRequired\":true,\"valueName\":\"search_term_string\"}}],\"inLanguage\":\"fr-FR\"},{\"@type\":\"Organization\",\"@id\":\"https:\\\/\\\/club.fcthuir.fr\\\/#organization\",\"name\":\"FC Thuir\",\"url\":\"https:\\\/\\\/club.fcthuir.fr\\\/\",\"logo\":{\"@type\":\"ImageObject\",\"inLanguage\":\"fr-FR\",\"@id\":\"https:\\\/\\\/club.fcthuir.fr\\\/#\\\/schema\\\/logo\\\/image\\\/\",\"url\":\"https:\\\/\\\/club.fcthuir.fr\\\/wp-content\\\/uploads\\\/2017\\\/09\\\/cropped-cropped-logo-fct-e1507237561790-1.png\",\"contentUrl\":\"https:\\\/\\\/club.fcthuir.fr\\\/wp-content\\\/uploads\\\/2017\\\/09\\\/cropped-cropped-logo-fct-e1507237561790-1.png\",\"width\":75,\"height\":99,\"caption\":\"FC Thuir\"},\"image\":{\"@id\":\"https:\\\/\\\/club.fcthuir.fr\\\/#\\\/schema\\\/logo\\\/image\\\/\"},\"sameAs\":[\"https:\\\/\\\/www.facebook.com\\\/fc.thuirinois?ref=bookmarks\"]}]}<\/script>\n<!-- \/ Yoast SEO plugin. -->","yoast_head_json":{"title":"La machine \u00e0 voyager dans le temps - Football Club Thuirinois","robots":{"index":"index","follow":"follow","max-snippet":"max-snippet:-1","max-image-preview":"max-image-preview:large","max-video-preview":"max-video-preview:-1"},"canonical":"https:\/\/club.fcthuir.fr\/?page_id=575","og_locale":"fr_FR","og_type":"article","og_title":"La machine \u00e0 voyager dans le temps - Football Club Thuirinois","og_description":"Les \u00e9quipes du F.C. Thuir \u00e0 travers les ann\u00e9es Cliquez sur une ann\u00e9e au choix 1985 1988 \u00a01989 1990 1991 1992 1993 1994 1995 1996 1997 1998 1999 2000 2001 2002 2003 2004 2005 2006 2007 2008 2009 2010 2013 2014 2015 2016 2017 2018 2019 2020 2022 2023 Vous souhaitez partagez vos photos, envoyez [&hellip;]","og_url":"https:\/\/club.fcthuir.fr\/?page_id=575","og_site_name":"Football Club Thuirinois","article_publisher":"https:\/\/www.facebook.com\/fc.thuirinois?ref=bookmarks","article_modified_time":"2023-11-01T21:55:30+00:00","og_image":[{"url":"https:\/\/club.fcthuir.fr\/wp-content\/uploads\/2017\/09\/cropped-cropped-logo-fct-e1507237561790.png","type":"","width":"","height":""}],"twitter_card":"summary_large_image","twitter_misc":{"Dur\u00e9e de lecture estim\u00e9e":"1 minute"},"schema":{"@context":"https:\/\/schema.org","@graph":[{"@type":"WebPage","@id":"https:\/\/club.fcthuir.fr\/?page_id=575","url":"https:\/\/club.fcthuir.fr\/?page_id=575","name":"La machine \u00e0 voyager dans le temps - Football Club Thuirinois","isPartOf":{"@id":"https:\/\/club.fcthuir.fr\/#website"},"primaryImageOfPage":{"@id":"https:\/\/club.fcthuir.fr\/?page_id=575#primaryimage"},"image":{"@id":"https:\/\/club.fcthuir.fr\/?page_id=575#primaryimage"},"thumbnailUrl":"https:\/\/club.fcthuir.fr\/wp-content\/uploads\/2017\/09\/cropped-cropped-logo-fct-e1507237561790.png","datePublished":"2017-10-07T13:05:29+00:00","dateModified":"2023-11-01T21:55:30+00:00","breadcrumb":{"@id":"https:\/\/club.fcthuir.fr\/?page_id=575#breadcrumb"},"inLanguage":"fr-FR","potentialAction":[{"@type":"ReadAction","target":["https:\/\/club.fcthuir.fr\/?page_id=575"]}]},{"@type":"ImageObject","inLanguage":"fr-FR","@id":"https:\/\/club.fcthuir.fr\/?page_id=575#primaryimage","url":"https:\/\/club.fcthuir.fr\/wp-content\/uploads\/2017\/09\/cropped-cropped-logo-fct-e1507237561790.png","contentUrl":"https:\/\/club.fcthuir.fr\/wp-content\/uploads\/2017\/09\/cropped-cropped-logo-fct-e1507237561790.png","width":75,"height":98},{"@type":"BreadcrumbList","@id":"https:\/\/club.fcthuir.fr\/?page_id=575#breadcrumb","itemListElement":[{"@type":"ListItem","position":1,"name":"Accueil","item":"https:\/\/club.fcthuir.fr\/"},{"@type":"ListItem","position":2,"name":"Club","item":"https:\/\/club.fcthuir.fr\/?page_id=249"},{"@type":"ListItem","position":3,"name":"Histoire","item":"https:\/\/club.fcthuir.fr\/?page_id=42"},{"@type":"ListItem","position":4,"name":"La machine \u00e0 voyager dans le temps"}]},{"@type":"WebSite","@id":"https:\/\/club.fcthuir.fr\/#website","url":"https:\/\/club.fcthuir.fr\/","name":"Football Club Thuirinois","description":"Site Officiel","publisher":{"@id":"https:\/\/club.fcthuir.fr\/#organization"},"potentialAction":[{"@type":"SearchAction","target":{"@type":"EntryPoint","urlTemplate":"https:\/\/club.fcthuir.fr\/?s={search_term_string}"},"query-input":{"@type":"PropertyValueSpecification","valueRequired":true,"valueName":"search_term_string"}}],"inLanguage":"fr-FR"},{"@type":"Organization","@id":"https:\/\/club.fcthuir.fr\/#organization","name":"FC Thuir","url":"https:\/\/club.fcthuir.fr\/","logo":{"@type":"ImageObject","inLanguage":"fr-FR","@id":"https:\/\/club.fcthuir.fr\/#\/schema\/logo\/image\/","url":"https:\/\/club.fcthuir.fr\/wp-content\/uploads\/2017\/09\/cropped-cropped-logo-fct-e1507237561790-1.png","contentUrl":"https:\/\/club.fcthuir.fr\/wp-content\/uploads\/2017\/09\/cropped-cropped-logo-fct-e1507237561790-1.png","width":75,"height":99,"caption":"FC Thuir"},"image":{"@id":"https:\/\/club.fcthuir.fr\/#\/schema\/logo\/image\/"},"sameAs":["https:\/\/www.facebook.com\/fc.thuirinois?ref=bookmarks"]}]}},"jetpack_sharing_enabled":true,"_links":{"self":[{"href":"https:\/\/club.fcthuir.fr\/index.php?rest_route=\/wp\/v2\/pages\/575","targetHints":{"allow":["GET"]}}],"collection":[{"href":"https:\/\/club.fcthuir.fr\/index.php?rest_route=\/wp\/v2\/pages"}],"about":[{"href":"https:\/\/club.fcthuir.fr\/index.php?rest_route=\/wp\/v2\/types\/page"}],"author":[{"embeddable":true,"href":"https:\/\/club.fcthuir.fr\/index.php?rest_route=\/wp\/v2\/users\/1"}],"replies":[{"embeddable":true,"href":"https:\/\/club.fcthuir.fr\/index.php?rest_route=%2Fwp%2Fv2%2Fcomments&post=575"}],"version-history":[{"count":26,"href":"https:\/\/club.fcthuir.fr\/index.php?rest_route=\/wp\/v2\/pages\/575\/revisions"}],"predecessor-version":[{"id":5075,"href":"https:\/\/club.fcthuir.fr\/index.php?rest_route=\/wp\/v2\/pages\/575\/revisions\/5075"}],"up":[{"embeddable":true,"href":"https:\/\/club.fcthuir.fr\/index.php?rest_route=\/wp\/v2\/pages\/42"}],"wp:attachment":[{"href":"https:\/\/club.fcthuir.fr\/index.php?rest_route=%2Fwp%2Fv2%2Fmedia&parent=575"}],"curies":[{"name":"wp","href":"https:\/\/api.w.org\/{rel}","templated":true}]}}