{"id":42,"date":"2017-10-07T12:51:16","date_gmt":"2017-10-07T12:51:16","guid":{"rendered":"http:\/\/fcthuir.apps-1and1.net\/?page_id=42"},"modified":"2018-02-18T09:47:44","modified_gmt":"2018-02-18T08:47:44","slug":"histoire","status":"publish","type":"page","link":"https:\/\/club.fcthuir.fr\/?page_id=42","title":{"rendered":"Histoire"},"content":{"rendered":"<h3><img loading=\"lazy\" decoding=\"async\" class=\"alignnone size-full wp-image-521 alignright\" src=\"https:\/\/club.fcthuir.fr\/wp-content\/uploads\/2017\/09\/cropped-cropped-logo-fct-e1507237561790.png\" alt=\"\" width=\"75\" height=\"98\" srcset=\"https:\/\/club.fcthuir.fr\/wp-content\/uploads\/2017\/09\/cropped-cropped-logo-fct-e1507237561790.png 75w, https:\/\/club.fcthuir.fr\/wp-content\/uploads\/2017\/09\/cropped-cropped-logo-fct-e1507237561790-24x32.png 24w\" sizes=\"auto, (max-width: 75px) 100vw, 75px\" \/><\/h3>\n<h3 style=\"text-align: right;\"><span style=\"color: #000000;\"><strong>Football Club Thuirinois\u00a0<\/strong><\/span><\/h3>\n<h3 style=\"text-align: right;\"><span style=\"color: #000000;\"><strong>Cr\u00e9\u00e9 en 1977<\/strong><\/span><\/h3>\n<p>&nbsp;<\/p>\n<h1><\/h1>\n<h1 style=\"text-align: center;\"><span style=\"color: #008000;\">La Machine \u00e0 voyager dans le temps\u00a0<\/span><\/h1>\n<h3 style=\"text-align: center;\"><a href=\"https:\/\/club.fcthuir.fr\/club\/histoire\/machine-a-voyager-temps\" target=\"_blank\" rel=\"noopener\"><span style=\"color: #ff0000;\">Cliquez<\/span><\/a><\/h3>\n","protected":false},"excerpt":{"rendered":"<p>Football Club Thuirinois\u00a0 Cr\u00e9\u00e9 en 1977 &nbsp; La Machine \u00e0 voyager dans le temps\u00a0 Cliquez<\/p>\n","protected":false},"author":1,"featured_media":0,"parent":249,"menu_order":2,"comment_status":"closed","ping_status":"closed","template":"","meta":{"footnotes":""},"class_list":["post-42","page","type-page","status-publish","hentry"],"yoast_head":"<!-- This site is optimized with the Yoast SEO plugin v27.5 - https:\/\/yoast.com\/product\/yoast-seo-wordpress\/ -->\n<title>Histoire - Football Club Thuirinois<\/title>\n<meta name=\"robots\" content=\"index, follow, max-snippet:-1, max-image-preview:large, max-video-preview:-1\" \/>\n<link rel=\"canonical\" href=\"https:\/\/club.fcthuir.fr\/?page_id=42\" \/>\n<meta property=\"og:locale\" content=\"fr_FR\" \/>\n<meta property=\"og:type\" content=\"article\" \/>\n<meta property=\"og:title\" content=\"Histoire - Football Club Thuirinois\" \/>\n<meta property=\"og:description\" content=\"Football Club Thuirinois\u00a0 Cr\u00e9\u00e9 en 1977 &nbsp; La Machine \u00e0 voyager dans le temps\u00a0 Cliquez\" \/>\n<meta property=\"og:url\" content=\"https:\/\/club.fcthuir.fr\/?page_id=42\" \/>\n<meta property=\"og:site_name\" content=\"Football Club Thuirinois\" \/>\n<meta property=\"article:publisher\" content=\"https:\/\/www.facebook.com\/fc.thuirinois?ref=bookmarks\" \/>\n<meta property=\"article:modified_time\" content=\"2018-02-18T08:47:44+00:00\" \/>\n<meta property=\"og:image\" content=\"https:\/\/club.fcthuir.fr\/wp-content\/uploads\/2017\/09\/cropped-cropped-logo-fct-e1507237561790.png\" \/>\n<meta name=\"twitter:card\" content=\"summary_large_image\" \/>\n<script type=\"application\/ld+json\" class=\"yoast-schema-graph\">{\"@context\":\"https:\\\/\\\/schema.org\",\"@graph\":[{\"@type\":\"WebPage\",\"@id\":\"https:\\\/\\\/club.fcthuir.fr\\\/?page_id=42\",\"url\":\"https:\\\/\\\/club.fcthuir.fr\\\/?page_id=42\",\"name\":\"Histoire - Football Club Thuirinois\",\"isPartOf\":{\"@id\":\"https:\\\/\\\/club.fcthuir.fr\\\/#website\"},\"primaryImageOfPage\":{\"@id\":\"https:\\\/\\\/club.fcthuir.fr\\\/?page_id=42#primaryimage\"},\"image\":{\"@id\":\"https:\\\/\\\/club.fcthuir.fr\\\/?page_id=42#primaryimage\"},\"thumbnailUrl\":\"https:\\\/\\\/club.fcthuir.fr\\\/wp-content\\\/uploads\\\/2017\\\/09\\\/cropped-cropped-logo-fct-e1507237561790.png\",\"datePublished\":\"2017-10-07T12:51:16+00:00\",\"dateModified\":\"2018-02-18T08:47:44+00:00\",\"breadcrumb\":{\"@id\":\"https:\\\/\\\/club.fcthuir.fr\\\/?page_id=42#breadcrumb\"},\"inLanguage\":\"fr-FR\",\"potentialAction\":[{\"@type\":\"ReadAction\",\"target\":[\"https:\\\/\\\/club.fcthuir.fr\\\/?page_id=42\"]}]},{\"@type\":\"ImageObject\",\"inLanguage\":\"fr-FR\",\"@id\":\"https:\\\/\\\/club.fcthuir.fr\\\/?page_id=42#primaryimage\",\"url\":\"https:\\\/\\\/club.fcthuir.fr\\\/wp-content\\\/uploads\\\/2017\\\/09\\\/cropped-cropped-logo-fct-e1507237561790.png\",\"contentUrl\":\"https:\\\/\\\/club.fcthuir.fr\\\/wp-content\\\/uploads\\\/2017\\\/09\\\/cropped-cropped-logo-fct-e1507237561790.png\",\"width\":75,\"height\":98},{\"@type\":\"BreadcrumbList\",\"@id\":\"https:\\\/\\\/club.fcthuir.fr\\\/?page_id=42#breadcrumb\",\"itemListElement\":[{\"@type\":\"ListItem\",\"position\":1,\"name\":\"Accueil\",\"item\":\"https:\\\/\\\/club.fcthuir.fr\\\/\"},{\"@type\":\"ListItem\",\"position\":2,\"name\":\"Club\",\"item\":\"https:\\\/\\\/club.fcthuir.fr\\\/?page_id=249\"},{\"@type\":\"ListItem\",\"position\":3,\"name\":\"Histoire\"}]},{\"@type\":\"WebSite\",\"@id\":\"https:\\\/\\\/club.fcthuir.fr\\\/#website\",\"url\":\"https:\\\/\\\/club.fcthuir.fr\\\/\",\"name\":\"Football Club Thuirinois\",\"description\":\"Site Officiel\",\"publisher\":{\"@id\":\"https:\\\/\\\/club.fcthuir.fr\\\/#organization\"},\"potentialAction\":[{\"@type\":\"SearchAction\",\"target\":{\"@type\":\"EntryPoint\",\"urlTemplate\":\"https:\\\/\\\/club.fcthuir.fr\\\/?s={search_term_string}\"},\"query-input\":{\"@type\":\"PropertyValueSpecification\",\"valueRequired\":true,\"valueName\":\"search_term_string\"}}],\"inLanguage\":\"fr-FR\"},{\"@type\":\"Organization\",\"@id\":\"https:\\\/\\\/club.fcthuir.fr\\\/#organization\",\"name\":\"FC Thuir\",\"url\":\"https:\\\/\\\/club.fcthuir.fr\\\/\",\"logo\":{\"@type\":\"ImageObject\",\"inLanguage\":\"fr-FR\",\"@id\":\"https:\\\/\\\/club.fcthuir.fr\\\/#\\\/schema\\\/logo\\\/image\\\/\",\"url\":\"https:\\\/\\\/club.fcthuir.fr\\\/wp-content\\\/uploads\\\/2017\\\/09\\\/cropped-cropped-logo-fct-e1507237561790-1.png\",\"contentUrl\":\"https:\\\/\\\/club.fcthuir.fr\\\/wp-content\\\/uploads\\\/2017\\\/09\\\/cropped-cropped-logo-fct-e1507237561790-1.png\",\"width\":75,\"height\":99,\"caption\":\"FC Thuir\"},\"image\":{\"@id\":\"https:\\\/\\\/club.fcthuir.fr\\\/#\\\/schema\\\/logo\\\/image\\\/\"},\"sameAs\":[\"https:\\\/\\\/www.facebook.com\\\/fc.thuirinois?ref=bookmarks\"]}]}<\/script>\n<!-- \/ Yoast SEO plugin. -->","yoast_head_json":{"title":"Histoire - Football Club Thuirinois","robots":{"index":"index","follow":"follow","max-snippet":"max-snippet:-1","max-image-preview":"max-image-preview:large","max-video-preview":"max-video-preview:-1"},"canonical":"https:\/\/club.fcthuir.fr\/?page_id=42","og_locale":"fr_FR","og_type":"article","og_title":"Histoire - Football Club Thuirinois","og_description":"Football Club Thuirinois\u00a0 Cr\u00e9\u00e9 en 1977 &nbsp; La Machine \u00e0 voyager dans le temps\u00a0 Cliquez","og_url":"https:\/\/club.fcthuir.fr\/?page_id=42","og_site_name":"Football Club Thuirinois","article_publisher":"https:\/\/www.facebook.com\/fc.thuirinois?ref=bookmarks","article_modified_time":"2018-02-18T08:47:44+00:00","og_image":[{"url":"https:\/\/club.fcthuir.fr\/wp-content\/uploads\/2017\/09\/cropped-cropped-logo-fct-e1507237561790.png","type":"","width":"","height":""}],"twitter_card":"summary_large_image","schema":{"@context":"https:\/\/schema.org","@graph":[{"@type":"WebPage","@id":"https:\/\/club.fcthuir.fr\/?page_id=42","url":"https:\/\/club.fcthuir.fr\/?page_id=42","name":"Histoire - Football Club Thuirinois","isPartOf":{"@id":"https:\/\/club.fcthuir.fr\/#website"},"primaryImageOfPage":{"@id":"https:\/\/club.fcthuir.fr\/?page_id=42#primaryimage"},"image":{"@id":"https:\/\/club.fcthuir.fr\/?page_id=42#primaryimage"},"thumbnailUrl":"https:\/\/club.fcthuir.fr\/wp-content\/uploads\/2017\/09\/cropped-cropped-logo-fct-e1507237561790.png","datePublished":"2017-10-07T12:51:16+00:00","dateModified":"2018-02-18T08:47:44+00:00","breadcrumb":{"@id":"https:\/\/club.fcthuir.fr\/?page_id=42#breadcrumb"},"inLanguage":"fr-FR","potentialAction":[{"@type":"ReadAction","target":["https:\/\/club.fcthuir.fr\/?page_id=42"]}]},{"@type":"ImageObject","inLanguage":"fr-FR","@id":"https:\/\/club.fcthuir.fr\/?page_id=42#primaryimage","url":"https:\/\/club.fcthuir.fr\/wp-content\/uploads\/2017\/09\/cropped-cropped-logo-fct-e1507237561790.png","contentUrl":"https:\/\/club.fcthuir.fr\/wp-content\/uploads\/2017\/09\/cropped-cropped-logo-fct-e1507237561790.png","width":75,"height":98},{"@type":"BreadcrumbList","@id":"https:\/\/club.fcthuir.fr\/?page_id=42#breadcrumb","itemListElement":[{"@type":"ListItem","position":1,"name":"Accueil","item":"https:\/\/club.fcthuir.fr\/"},{"@type":"ListItem","position":2,"name":"Club","item":"https:\/\/club.fcthuir.fr\/?page_id=249"},{"@type":"ListItem","position":3,"name":"Histoire"}]},{"@type":"WebSite","@id":"https:\/\/club.fcthuir.fr\/#website","url":"https:\/\/club.fcthuir.fr\/","name":"Football Club Thuirinois","description":"Site Officiel","publisher":{"@id":"https:\/\/club.fcthuir.fr\/#organization"},"potentialAction":[{"@type":"SearchAction","target":{"@type":"EntryPoint","urlTemplate":"https:\/\/club.fcthuir.fr\/?s={search_term_string}"},"query-input":{"@type":"PropertyValueSpecification","valueRequired":true,"valueName":"search_term_string"}}],"inLanguage":"fr-FR"},{"@type":"Organization","@id":"https:\/\/club.fcthuir.fr\/#organization","name":"FC Thuir","url":"https:\/\/club.fcthuir.fr\/","logo":{"@type":"ImageObject","inLanguage":"fr-FR","@id":"https:\/\/club.fcthuir.fr\/#\/schema\/logo\/image\/","url":"https:\/\/club.fcthuir.fr\/wp-content\/uploads\/2017\/09\/cropped-cropped-logo-fct-e1507237561790-1.png","contentUrl":"https:\/\/club.fcthuir.fr\/wp-content\/uploads\/2017\/09\/cropped-cropped-logo-fct-e1507237561790-1.png","width":75,"height":99,"caption":"FC Thuir"},"image":{"@id":"https:\/\/club.fcthuir.fr\/#\/schema\/logo\/image\/"},"sameAs":["https:\/\/www.facebook.com\/fc.thuirinois?ref=bookmarks"]}]}},"jetpack_sharing_enabled":true,"_links":{"self":[{"href":"https:\/\/club.fcthuir.fr\/index.php?rest_route=\/wp\/v2\/pages\/42","targetHints":{"allow":["GET"]}}],"collection":[{"href":"https:\/\/club.fcthuir.fr\/index.php?rest_route=\/wp\/v2\/pages"}],"about":[{"href":"https:\/\/club.fcthuir.fr\/index.php?rest_route=\/wp\/v2\/types\/page"}],"author":[{"embeddable":true,"href":"https:\/\/club.fcthuir.fr\/index.php?rest_route=\/wp\/v2\/users\/1"}],"replies":[{"embeddable":true,"href":"https:\/\/club.fcthuir.fr\/index.php?rest_route=%2Fwp%2Fv2%2Fcomments&post=42"}],"version-history":[{"count":5,"href":"https:\/\/club.fcthuir.fr\/index.php?rest_route=\/wp\/v2\/pages\/42\/revisions"}],"predecessor-version":[{"id":2072,"href":"https:\/\/club.fcthuir.fr\/index.php?rest_route=\/wp\/v2\/pages\/42\/revisions\/2072"}],"up":[{"embeddable":true,"href":"https:\/\/club.fcthuir.fr\/index.php?rest_route=\/wp\/v2\/pages\/249"}],"wp:attachment":[{"href":"https:\/\/club.fcthuir.fr\/index.php?rest_route=%2Fwp%2Fv2%2Fmedia&parent=42"}],"curies":[{"name":"wp","href":"https:\/\/api.w.org\/{rel}","templated":true}]}}