{"id":4133,"date":"2020-06-10T22:44:05","date_gmt":"2020-06-10T20:44:05","guid":{"rendered":"https:\/\/club.fcthuir.fr\/?page_id=4133"},"modified":"2023-11-01T21:55:13","modified_gmt":"2023-11-01T20:55:13","slug":"le-livret-du-tournoi","status":"publish","type":"page","link":"https:\/\/club.fcthuir.fr\/?page_id=4133","title":{"rendered":"Le livret du tournoi"},"content":{"rendered":"\n\n\n<div style=\"text-align:center;\"><div style=\"margin:8px 0px 4px;\"><a href=\"https:\/\/www.calameo.com\/books\/005529262621414417ded\" target=\"_blank\" rel=\"noopener\">Livret 2023<\/a><\/div><iframe loading=\"lazy\" src=\"\/\/v.calameo.com\/?bkcode=005529262621414417ded&#038;mode=mini\" width=\"480\" height=\"300\" frameborder=\"0\" scrolling=\"no\" allowtransparency allowfullscreen style=\"margin:0 auto;\"><\/iframe><div style=\"margin:4px 0px 8px;\"><a href=\"http:\/\/www.calameo.com\/\" target=\"_blank\" rel=\"noopener\">Lire plus de publications sur Calam\u00e9o<\/a><\/div><\/div>\n\n\n\n<div style=\"text-align:center;\"><div style=\"margin:8px 0px 4px;\"><a href=\"https:\/\/www.calameo.com\/books\/005529262bbed912fd21f\" target=\"_blank\" rel=\"noopener\">Livret 2022<\/a><\/div><iframe loading=\"lazy\" src=\"\/\/v.calameo.com\/?bkcode=005529262bbed912fd21f&#038;mode=mini\" width=\"480\" height=\"300\" frameborder=\"0\" scrolling=\"no\" allowtransparency allowfullscreen style=\"margin:0 auto;\"><\/iframe><div style=\"margin:4px 0px 8px;\"><a href=\"http:\/\/www.calameo.com\/\" target=\"_blank\" rel=\"noopener\">Lire plus de publications sur Calam\u00e9o<\/a><\/div><\/div>\n\n\n\n<div style=\"text-align:center;\"><div style=\"margin:8px 0px 4px;\"><a href=\"https:\/\/www.calameo.com\/books\/005529262d2de9a1c6abf\" target=\"_blank\" rel=\"noopener noreferrer\">Livret 2020<\/a><\/div><iframe loading=\"lazy\" src=\"\/\/v.calameo.com\/?bkcode=005529262d2de9a1c6abf&amp;mode=mini\" width=\"480\" height=\"300\" frameborder=\"0\" scrolling=\"no\" allowtransparency=\"\" allowfullscreen=\"\" style=\"margin:0 auto;\"><\/iframe><div style=\"margin:4px 0px 8px;\"><a href=\"http:\/\/www.calameo.com\/\" target=\"_blank\" rel=\"noopener noreferrer\">Lire plus de publications sur Calam\u00e9o<\/a><\/div><\/div>\n\n\n\n<div style=\"text-align:center;\"><div style=\"margin:8px 0px 4px;\"><a href=\"https:\/\/www.calameo.com\/books\/0055292622ebd7b2bc860\" target=\"_blank\" rel=\"noopener noreferrer\">Livret Tournoi 2019<\/a><\/div><iframe loading=\"lazy\" src=\"\/\/v.calameo.com\/?bkcode=0055292622ebd7b2bc860&amp;mode=mini\" width=\"480\" height=\"300\" frameborder=\"0\" scrolling=\"no\" allowtransparency=\"\" allowfullscreen=\"\" style=\"margin:0 auto;\"><\/iframe><div style=\"margin:4px 0px 8px;\"><a href=\"http:\/\/www.calameo.com\/\" target=\"_blank\" rel=\"noopener noreferrer\">Lire plus de publications sur Calam\u00e9o<\/a><\/div><\/div>\n\n\n\n<div style=\"text-align:center;\"><div style=\"margin:8px 0px 4px;\"><a href=\"https:\/\/www.calameo.com\/books\/0055292622df23c4f514a\" target=\"_blank\" rel=\"noopener noreferrer\">Livret Tournoi 2018<\/a><\/div><iframe loading=\"lazy\" src=\"\/\/v.calameo.com\/?bkcode=0055292622df23c4f514a&amp;mode=mini\" width=\"480\" height=\"300\" frameborder=\"0\" scrolling=\"no\" allowtransparency=\"\" allowfullscreen=\"\" style=\"margin:0 auto;\"><\/iframe><div style=\"margin:4px 0px 8px;\"><a href=\"http:\/\/www.calameo.com\/\" target=\"_blank\" rel=\"noopener noreferrer\">Lire plus de publications sur Calam\u00e9o<\/a><\/div><\/div>\n\n\n\n<div style=\"text-align:center;\"><div style=\"margin:8px 0px 4px;\"><a href=\"https:\/\/www.calameo.com\/books\/0055292629a0b3114e933\" target=\"_blank\" rel=\"noopener noreferrer\">Livret Tournoi 2017<\/a><\/div><iframe loading=\"lazy\" src=\"\/\/v.calameo.com\/?bkcode=0055292629a0b3114e933&amp;mode=mini\" width=\"480\" height=\"300\" frameborder=\"0\" scrolling=\"no\" allowtransparency=\"\" allowfullscreen=\"\" style=\"margin:0 auto;\"><\/iframe><div style=\"margin:4px 0px 8px;\"><a href=\"http:\/\/www.calameo.com\/\" target=\"_blank\" rel=\"noopener noreferrer\">Lire plus de publications sur Calam\u00e9o<\/a><\/div><\/div>\n\n\n\n\n","protected":false},"excerpt":{"rendered":"<p>Livret 2023 Lire plus de publications sur Calam\u00e9o Livret 2022 Lire plus de publications sur Calam\u00e9o Livret 2020 Lire plus de publications sur Calam\u00e9o Livret Tournoi 2019 Lire plus de publications sur Calam\u00e9o Livret Tournoi 2018 Lire plus de publications sur Calam\u00e9o Livret Tournoi 2017 Lire plus de publications sur Calam\u00e9o<\/p>\n","protected":false},"author":1,"featured_media":0,"parent":0,"menu_order":0,"comment_status":"closed","ping_status":"closed","template":"","meta":{"footnotes":""},"class_list":["post-4133","page","type-page","status-publish","hentry"],"yoast_head":"<!-- This site is optimized with the Yoast SEO plugin v27.5 - https:\/\/yoast.com\/product\/yoast-seo-wordpress\/ -->\n<title>Le livret du tournoi - Football Club Thuirinois<\/title>\n<meta name=\"robots\" content=\"index, follow, max-snippet:-1, max-image-preview:large, max-video-preview:-1\" \/>\n<link rel=\"canonical\" href=\"https:\/\/club.fcthuir.fr\/?page_id=4133\" \/>\n<meta property=\"og:locale\" content=\"fr_FR\" \/>\n<meta property=\"og:type\" content=\"article\" \/>\n<meta property=\"og:title\" content=\"Le livret du tournoi - Football Club Thuirinois\" \/>\n<meta property=\"og:description\" content=\"Livret 2023 Lire plus de publications sur Calam\u00e9o Livret 2022 Lire plus de publications sur Calam\u00e9o Livret 2020 Lire plus de publications sur Calam\u00e9o Livret Tournoi 2019 Lire plus de publications sur Calam\u00e9o Livret Tournoi 2018 Lire plus de publications sur Calam\u00e9o Livret Tournoi 2017 Lire plus de publications sur Calam\u00e9o\" \/>\n<meta property=\"og:url\" content=\"https:\/\/club.fcthuir.fr\/?page_id=4133\" \/>\n<meta property=\"og:site_name\" content=\"Football Club Thuirinois\" \/>\n<meta property=\"article:publisher\" content=\"https:\/\/www.facebook.com\/fc.thuirinois?ref=bookmarks\" \/>\n<meta property=\"article:modified_time\" content=\"2023-11-01T20:55:13+00:00\" \/>\n<meta name=\"twitter:card\" content=\"summary_large_image\" \/>\n<meta name=\"twitter:label1\" content=\"Dur\u00e9e de lecture estim\u00e9e\" \/>\n\t<meta name=\"twitter:data1\" content=\"1 minute\" \/>\n<script type=\"application\/ld+json\" class=\"yoast-schema-graph\">{\"@context\":\"https:\\\/\\\/schema.org\",\"@graph\":[{\"@type\":\"WebPage\",\"@id\":\"https:\\\/\\\/club.fcthuir.fr\\\/?page_id=4133\",\"url\":\"https:\\\/\\\/club.fcthuir.fr\\\/?page_id=4133\",\"name\":\"Le livret du tournoi - Football Club Thuirinois\",\"isPartOf\":{\"@id\":\"https:\\\/\\\/club.fcthuir.fr\\\/#website\"},\"datePublished\":\"2020-06-10T20:44:05+00:00\",\"dateModified\":\"2023-11-01T20:55:13+00:00\",\"breadcrumb\":{\"@id\":\"https:\\\/\\\/club.fcthuir.fr\\\/?page_id=4133#breadcrumb\"},\"inLanguage\":\"fr-FR\",\"potentialAction\":[{\"@type\":\"ReadAction\",\"target\":[\"https:\\\/\\\/club.fcthuir.fr\\\/?page_id=4133\"]}]},{\"@type\":\"BreadcrumbList\",\"@id\":\"https:\\\/\\\/club.fcthuir.fr\\\/?page_id=4133#breadcrumb\",\"itemListElement\":[{\"@type\":\"ListItem\",\"position\":1,\"name\":\"Accueil\",\"item\":\"https:\\\/\\\/club.fcthuir.fr\\\/\"},{\"@type\":\"ListItem\",\"position\":2,\"name\":\"Le livret du tournoi\"}]},{\"@type\":\"WebSite\",\"@id\":\"https:\\\/\\\/club.fcthuir.fr\\\/#website\",\"url\":\"https:\\\/\\\/club.fcthuir.fr\\\/\",\"name\":\"Football Club Thuirinois\",\"description\":\"Site Officiel\",\"publisher\":{\"@id\":\"https:\\\/\\\/club.fcthuir.fr\\\/#organization\"},\"potentialAction\":[{\"@type\":\"SearchAction\",\"target\":{\"@type\":\"EntryPoint\",\"urlTemplate\":\"https:\\\/\\\/club.fcthuir.fr\\\/?s={search_term_string}\"},\"query-input\":{\"@type\":\"PropertyValueSpecification\",\"valueRequired\":true,\"valueName\":\"search_term_string\"}}],\"inLanguage\":\"fr-FR\"},{\"@type\":\"Organization\",\"@id\":\"https:\\\/\\\/club.fcthuir.fr\\\/#organization\",\"name\":\"FC Thuir\",\"url\":\"https:\\\/\\\/club.fcthuir.fr\\\/\",\"logo\":{\"@type\":\"ImageObject\",\"inLanguage\":\"fr-FR\",\"@id\":\"https:\\\/\\\/club.fcthuir.fr\\\/#\\\/schema\\\/logo\\\/image\\\/\",\"url\":\"https:\\\/\\\/club.fcthuir.fr\\\/wp-content\\\/uploads\\\/2017\\\/09\\\/cropped-cropped-logo-fct-e1507237561790-1.png\",\"contentUrl\":\"https:\\\/\\\/club.fcthuir.fr\\\/wp-content\\\/uploads\\\/2017\\\/09\\\/cropped-cropped-logo-fct-e1507237561790-1.png\",\"width\":75,\"height\":99,\"caption\":\"FC Thuir\"},\"image\":{\"@id\":\"https:\\\/\\\/club.fcthuir.fr\\\/#\\\/schema\\\/logo\\\/image\\\/\"},\"sameAs\":[\"https:\\\/\\\/www.facebook.com\\\/fc.thuirinois?ref=bookmarks\"]}]}<\/script>\n<!-- \/ Yoast SEO plugin. -->","yoast_head_json":{"title":"Le livret du tournoi - Football Club Thuirinois","robots":{"index":"index","follow":"follow","max-snippet":"max-snippet:-1","max-image-preview":"max-image-preview:large","max-video-preview":"max-video-preview:-1"},"canonical":"https:\/\/club.fcthuir.fr\/?page_id=4133","og_locale":"fr_FR","og_type":"article","og_title":"Le livret du tournoi - Football Club Thuirinois","og_description":"Livret 2023 Lire plus de publications sur Calam\u00e9o Livret 2022 Lire plus de publications sur Calam\u00e9o Livret 2020 Lire plus de publications sur Calam\u00e9o Livret Tournoi 2019 Lire plus de publications sur Calam\u00e9o Livret Tournoi 2018 Lire plus de publications sur Calam\u00e9o Livret Tournoi 2017 Lire plus de publications sur Calam\u00e9o","og_url":"https:\/\/club.fcthuir.fr\/?page_id=4133","og_site_name":"Football Club Thuirinois","article_publisher":"https:\/\/www.facebook.com\/fc.thuirinois?ref=bookmarks","article_modified_time":"2023-11-01T20:55:13+00:00","twitter_card":"summary_large_image","twitter_misc":{"Dur\u00e9e de lecture estim\u00e9e":"1 minute"},"schema":{"@context":"https:\/\/schema.org","@graph":[{"@type":"WebPage","@id":"https:\/\/club.fcthuir.fr\/?page_id=4133","url":"https:\/\/club.fcthuir.fr\/?page_id=4133","name":"Le livret du tournoi - Football Club Thuirinois","isPartOf":{"@id":"https:\/\/club.fcthuir.fr\/#website"},"datePublished":"2020-06-10T20:44:05+00:00","dateModified":"2023-11-01T20:55:13+00:00","breadcrumb":{"@id":"https:\/\/club.fcthuir.fr\/?page_id=4133#breadcrumb"},"inLanguage":"fr-FR","potentialAction":[{"@type":"ReadAction","target":["https:\/\/club.fcthuir.fr\/?page_id=4133"]}]},{"@type":"BreadcrumbList","@id":"https:\/\/club.fcthuir.fr\/?page_id=4133#breadcrumb","itemListElement":[{"@type":"ListItem","position":1,"name":"Accueil","item":"https:\/\/club.fcthuir.fr\/"},{"@type":"ListItem","position":2,"name":"Le livret du tournoi"}]},{"@type":"WebSite","@id":"https:\/\/club.fcthuir.fr\/#website","url":"https:\/\/club.fcthuir.fr\/","name":"Football Club Thuirinois","description":"Site Officiel","publisher":{"@id":"https:\/\/club.fcthuir.fr\/#organization"},"potentialAction":[{"@type":"SearchAction","target":{"@type":"EntryPoint","urlTemplate":"https:\/\/club.fcthuir.fr\/?s={search_term_string}"},"query-input":{"@type":"PropertyValueSpecification","valueRequired":true,"valueName":"search_term_string"}}],"inLanguage":"fr-FR"},{"@type":"Organization","@id":"https:\/\/club.fcthuir.fr\/#organization","name":"FC Thuir","url":"https:\/\/club.fcthuir.fr\/","logo":{"@type":"ImageObject","inLanguage":"fr-FR","@id":"https:\/\/club.fcthuir.fr\/#\/schema\/logo\/image\/","url":"https:\/\/club.fcthuir.fr\/wp-content\/uploads\/2017\/09\/cropped-cropped-logo-fct-e1507237561790-1.png","contentUrl":"https:\/\/club.fcthuir.fr\/wp-content\/uploads\/2017\/09\/cropped-cropped-logo-fct-e1507237561790-1.png","width":75,"height":99,"caption":"FC Thuir"},"image":{"@id":"https:\/\/club.fcthuir.fr\/#\/schema\/logo\/image\/"},"sameAs":["https:\/\/www.facebook.com\/fc.thuirinois?ref=bookmarks"]}]}},"jetpack_sharing_enabled":true,"_links":{"self":[{"href":"https:\/\/club.fcthuir.fr\/index.php?rest_route=\/wp\/v2\/pages\/4133","targetHints":{"allow":["GET"]}}],"collection":[{"href":"https:\/\/club.fcthuir.fr\/index.php?rest_route=\/wp\/v2\/pages"}],"about":[{"href":"https:\/\/club.fcthuir.fr\/index.php?rest_route=\/wp\/v2\/types\/page"}],"author":[{"embeddable":true,"href":"https:\/\/club.fcthuir.fr\/index.php?rest_route=\/wp\/v2\/users\/1"}],"replies":[{"embeddable":true,"href":"https:\/\/club.fcthuir.fr\/index.php?rest_route=%2Fwp%2Fv2%2Fcomments&post=4133"}],"version-history":[{"count":11,"href":"https:\/\/club.fcthuir.fr\/index.php?rest_route=\/wp\/v2\/pages\/4133\/revisions"}],"predecessor-version":[{"id":4986,"href":"https:\/\/club.fcthuir.fr\/index.php?rest_route=\/wp\/v2\/pages\/4133\/revisions\/4986"}],"wp:attachment":[{"href":"https:\/\/club.fcthuir.fr\/index.php?rest_route=%2Fwp%2Fv2%2Fmedia&parent=4133"}],"curies":[{"name":"wp","href":"https:\/\/api.w.org\/{rel}","templated":true}]}}